{"id":1424,"date":"2025-04-28T05:26:26","date_gmt":"2025-04-28T05:26:26","guid":{"rendered":"https:\/\/inovaitportal.wpenginepowered.com\/sign-up\/"},"modified":"2026-03-05T16:29:57","modified_gmt":"2026-03-05T16:29:57","slug":"sign-up","status":"publish","type":"page","link":"https:\/\/portal.inovait.ca\/fr\/sign-up\/","title":{"rendered":"Demande d\u2019adh\u00e9sion \u00e0 INOVAIT"},"content":{"rendered":"<p>Faites votre demande d\u00e8s aujourd\u2019hui et profitez d\u2019\u00e9v\u00e9nements de r\u00e9seautage exclusifs, d\u2019initiatives de partage des connaissances et de programmes de financement strat\u00e9gique con\u00e7us pour soutenir la croissance et la r\u00e9ussite des innovateurs en technologies m\u00e9dicales au Canada.<\/p>\n","protected":false},"excerpt":{"rendered":"<p>Faites votre demande d\u00e8s aujourd\u2019hui et profitez d\u2019\u00e9v\u00e9nements de r\u00e9seautage exclusifs, d\u2019initiatives de partage des connaissances et de programmes de financement strat\u00e9gique con\u00e7us pour soutenir la croissance et la r\u00e9ussite des innovateurs en technologies m\u00e9dicales au Canada.<\/p>\n","protected":false},"author":2,"featured_media":0,"parent":0,"menu_order":0,"comment_status":"closed","ping_status":"closed","template":"page-templates\/page-sign-up-1.php","meta":{"_acf_changed":false,"footnotes":""},"class_list":["post-1424","page","type-page","status-publish","hentry"],"acf":[],"yoast_head":"<!-- This site is optimized with the Yoast SEO plugin v26.7 - https:\/\/yoast.com\/wordpress\/plugins\/seo\/ -->\n<title>Demande d\u2019adh\u00e9sion \u00e0 INOVAIT - Inovait<\/title>\n<meta name=\"robots\" content=\"index, follow, max-snippet:-1, max-image-preview:large, max-video-preview:-1\" \/>\n<link rel=\"canonical\" href=\"https:\/\/portal.inovait.ca\/fr\/sign-up\/\" \/>\n<meta property=\"og:locale\" content=\"fr_FR\" \/>\n<meta property=\"og:type\" content=\"article\" \/>\n<meta property=\"og:title\" content=\"Demande d\u2019adh\u00e9sion \u00e0 INOVAIT - Inovait\" \/>\n<meta property=\"og:description\" content=\"Faites votre demande d\u00e8s aujourd\u2019hui et profitez d\u2019\u00e9v\u00e9nements de r\u00e9seautage exclusifs, d\u2019initiatives de partage des connaissances et de programmes de financement strat\u00e9gique con\u00e7us pour soutenir la croissance et la r\u00e9ussite des innovateurs en technologies m\u00e9dicales au Canada.\" \/>\n<meta property=\"og:url\" content=\"https:\/\/portal.inovait.ca\/fr\/sign-up\/\" \/>\n<meta property=\"og:site_name\" content=\"Inovait\" \/>\n<meta property=\"article:modified_time\" content=\"2026-03-05T16:29:57+00:00\" \/>\n<meta name=\"twitter:card\" content=\"summary_large_image\" \/>\n<meta name=\"twitter:label1\" content=\"Est. reading time\" \/>\n\t<meta name=\"twitter:data1\" content=\"1 minute\" \/>\n<script type=\"application\/ld+json\" class=\"yoast-schema-graph\">{\"@context\":\"https:\/\/schema.org\",\"@graph\":[{\"@type\":\"WebPage\",\"@id\":\"https:\/\/portal.inovait.ca\/fr\/sign-up\/\",\"url\":\"https:\/\/portal.inovait.ca\/fr\/sign-up\/\",\"name\":\"Demande d\u2019adh\u00e9sion \u00e0 INOVAIT - Inovait\",\"isPartOf\":{\"@id\":\"https:\/\/portal.inovait.ca\/fr\/#website\"},\"datePublished\":\"2025-04-28T05:26:26+00:00\",\"dateModified\":\"2026-03-05T16:29:57+00:00\",\"breadcrumb\":{\"@id\":\"https:\/\/portal.inovait.ca\/fr\/sign-up\/#breadcrumb\"},\"inLanguage\":\"fr-FR\",\"potentialAction\":[{\"@type\":\"ReadAction\",\"target\":[\"https:\/\/portal.inovait.ca\/fr\/sign-up\/\"]}]},{\"@type\":\"BreadcrumbList\",\"@id\":\"https:\/\/portal.inovait.ca\/fr\/sign-up\/#breadcrumb\",\"itemListElement\":[{\"@type\":\"ListItem\",\"position\":1,\"name\":\"Home\",\"item\":\"https:\/\/portal.inovait.ca\/fr\/\"},{\"@type\":\"ListItem\",\"position\":2,\"name\":\"Demande d\u2019adh\u00e9sion \u00e0 INOVAIT\"}]},{\"@type\":\"WebSite\",\"@id\":\"https:\/\/portal.inovait.ca\/fr\/#website\",\"url\":\"https:\/\/portal.inovait.ca\/fr\/\",\"name\":\"Inovait\",\"description\":\"\",\"potentialAction\":[{\"@type\":\"SearchAction\",\"target\":{\"@type\":\"EntryPoint\",\"urlTemplate\":\"https:\/\/portal.inovait.ca\/fr\/?s={search_term_string}\"},\"query-input\":{\"@type\":\"PropertyValueSpecification\",\"valueRequired\":true,\"valueName\":\"search_term_string\"}}],\"inLanguage\":\"fr-FR\"}]}<\/script>\n<!-- \/ Yoast SEO plugin. -->","yoast_head_json":{"title":"Demande d\u2019adh\u00e9sion \u00e0 INOVAIT - Inovait","robots":{"index":"index","follow":"follow","max-snippet":"max-snippet:-1","max-image-preview":"max-image-preview:large","max-video-preview":"max-video-preview:-1"},"canonical":"https:\/\/portal.inovait.ca\/fr\/sign-up\/","og_locale":"fr_FR","og_type":"article","og_title":"Demande d\u2019adh\u00e9sion \u00e0 INOVAIT - Inovait","og_description":"Faites votre demande d\u00e8s aujourd\u2019hui et profitez d\u2019\u00e9v\u00e9nements de r\u00e9seautage exclusifs, d\u2019initiatives de partage des connaissances et de programmes de financement strat\u00e9gique con\u00e7us pour soutenir la croissance et la r\u00e9ussite des innovateurs en technologies m\u00e9dicales au Canada.","og_url":"https:\/\/portal.inovait.ca\/fr\/sign-up\/","og_site_name":"Inovait","article_modified_time":"2026-03-05T16:29:57+00:00","twitter_card":"summary_large_image","twitter_misc":{"Est. reading time":"1 minute"},"schema":{"@context":"https:\/\/schema.org","@graph":[{"@type":"WebPage","@id":"https:\/\/portal.inovait.ca\/fr\/sign-up\/","url":"https:\/\/portal.inovait.ca\/fr\/sign-up\/","name":"Demande d\u2019adh\u00e9sion \u00e0 INOVAIT - Inovait","isPartOf":{"@id":"https:\/\/portal.inovait.ca\/fr\/#website"},"datePublished":"2025-04-28T05:26:26+00:00","dateModified":"2026-03-05T16:29:57+00:00","breadcrumb":{"@id":"https:\/\/portal.inovait.ca\/fr\/sign-up\/#breadcrumb"},"inLanguage":"fr-FR","potentialAction":[{"@type":"ReadAction","target":["https:\/\/portal.inovait.ca\/fr\/sign-up\/"]}]},{"@type":"BreadcrumbList","@id":"https:\/\/portal.inovait.ca\/fr\/sign-up\/#breadcrumb","itemListElement":[{"@type":"ListItem","position":1,"name":"Home","item":"https:\/\/portal.inovait.ca\/fr\/"},{"@type":"ListItem","position":2,"name":"Demande d\u2019adh\u00e9sion \u00e0 INOVAIT"}]},{"@type":"WebSite","@id":"https:\/\/portal.inovait.ca\/fr\/#website","url":"https:\/\/portal.inovait.ca\/fr\/","name":"Inovait","description":"","potentialAction":[{"@type":"SearchAction","target":{"@type":"EntryPoint","urlTemplate":"https:\/\/portal.inovait.ca\/fr\/?s={search_term_string}"},"query-input":{"@type":"PropertyValueSpecification","valueRequired":true,"valueName":"search_term_string"}}],"inLanguage":"fr-FR"}]}},"_links":{"self":[{"href":"https:\/\/portal.inovait.ca\/fr\/wp-json\/wp\/v2\/pages\/1424","targetHints":{"allow":["GET"]}}],"collection":[{"href":"https:\/\/portal.inovait.ca\/fr\/wp-json\/wp\/v2\/pages"}],"about":[{"href":"https:\/\/portal.inovait.ca\/fr\/wp-json\/wp\/v2\/types\/page"}],"author":[{"embeddable":true,"href":"https:\/\/portal.inovait.ca\/fr\/wp-json\/wp\/v2\/users\/2"}],"replies":[{"embeddable":true,"href":"https:\/\/portal.inovait.ca\/fr\/wp-json\/wp\/v2\/comments?post=1424"}],"version-history":[{"count":0,"href":"https:\/\/portal.inovait.ca\/fr\/wp-json\/wp\/v2\/pages\/1424\/revisions"}],"wp:attachment":[{"href":"https:\/\/portal.inovait.ca\/fr\/wp-json\/wp\/v2\/media?parent=1424"}],"curies":[{"name":"wp","href":"https:\/\/api.w.org\/{rel}","templated":true}]}}